{"id":301,"date":"2020-04-11T11:05:44","date_gmt":"2020-04-11T11:05:44","guid":{"rendered":"http:\/\/weltuebergang.net\/?page_id=301"},"modified":"2020-09-08T19:29:05","modified_gmt":"2020-09-08T19:29:05","slug":"team-weltubergang","status":"publish","type":"page","link":"https:\/\/weltuebergang.net\/?page_id=301","title":{"rendered":"Team"},"content":{"rendered":"\n<h2>Idee, Format &amp; Organisation<\/h2>\n\n\n\n<p>Christiane H\u00fctter ist freischaffende K\u00fcnstlerin und Diplom-Psychologin. Mit den Mitteln von Storytelling und Game Design analysiert sie Systeme und schafft M\u00f6glichkeitsr\u00e4ume an der Schnittstelle von Kunst, Wissenschaft und \u00f6ffentlichem Raum.\u00a0Sie hat das\u00a0<a rel=\"noreferrer noopener\" href=\"https:\/\/www.invisibleplayground.com\/de\/welcome\" target=\"_blank\">Netzwerk Invisible Playground<\/a> mitbegr\u00fcndet und diverse spielorientierte Projekte f\u00fcr und mit Kulturinstitutionen in aller Welt k\u00fcnstlerisch verantwortet. Sie ist die Inhaberin der digitalen Literatur-Plattform <a rel=\"noreferrer noopener\" href=\"http:\/\/polyplot.io\/\" target=\"_blank\">polyplot.io<\/a>\u00a0und hat gemeinsam mit Frank Rieger den interaktiven Roman <a rel=\"noreferrer noopener\" href=\"http:\/\/polyplot.store\" target=\"_blank\">Gef\u00e4hrliche Menschen<\/a> geschrieben. Christiane H\u00fctter lehrt regelm\u00e4\u00dfig an Kunst\/Film-Universit\u00e4ten, gibt zukunfts-positive Worldbuilding-Workshops und -Coachings und arbeitet mit Institutionen an deren Beziehung zum Publikum (in spe). <\/p>\n\n\n\n<h2>Organisation &amp;&nbsp;Facilitation<\/h2>\n\n\n\n<p>Christian R\u00f6mer arbeitet als Referent f\u00fcr Kultur und Neue Medien bei der&nbsp;<a href=\"http:\/\/www.boell.de\/\">www.boell.de<\/a>.&nbsp;Dort erfindet er neue Konferenzformate an der Schnittstelle von Kunst, Netz und Aktivismus.&nbsp;Au\u00dferdem studiert er im Masterstudiengang Spiel &amp;&amp; Objekt an der&nbsp;<a href=\"https:\/\/www.hfs-berlin.de\/\">www.hfs-berlin.de<\/a>&nbsp;Grade jetzt freut er sich, die Idee f\u00fcr den 1.&nbsp;Welt\u00fcbergang \u2013 Hackathon erm\u00f6glichen zu k\u00f6nnen. Eigentlich h\u00e4tte er grade die j\u00e4hrliche Konferenz&nbsp;<a href=\"http:\/\/www.theaterundnetz.de\/\">www.theaterundnetz.de<\/a>&nbsp;gemeinsam mit&nbsp;<a href=\"http:\/\/www.nachtkritik.de\/\">www.nachtkritik.de<\/a>&nbsp;veranstaltet. Das fiel flach. Dank&nbsp;<a href=\"http:\/\/www.weltuebergang.net\/\">www.weltuebergang.net<\/a>&nbsp;hat etwas Anderes, etwas Neues&nbsp;stattgefunden.&nbsp;Nice.<\/p>\n\n\n\n<p><\/p>\n\n\n\n<h2>Technischer Support<\/h2>\n\n\n\n<p>Stefan R\u00fcdinger kl\u00e4rt und erkl\u00e4rt Technik sowie deren Zusammenh\u00e4nge privat und beruflich, derzeit als QA Engineer f\u00fcr <a href=\"https:\/\/sellics.com\/\">Sellics<\/a>.<br>Davor arbeitete er 15 Jahre u.A. am Theater an der Parkaue, Hebbel am Ufer und f\u00fcr die Performancegruppe <a href=\"https:\/\/showcasebeatlemot.de\/de\/showcasebeatlemot\/about\">Showcase Beat Le Mot<\/a>.<\/p>\n\n\n\n<h2>Graphic Recording<\/h2>\n\n\n\n<p>Daniel Freym\u00fcller ist Graphic Recorder und begleitet Veranstaltungen mit Liveillustrationen. Dabei geht es darum, Ideen schnell anschaulich zu machen und festzuhalten. So hat er in den letzten Jahren diverse kollaborative Workshopformate f\u00fcr unterschiedliche Kunden grafisch unterst\u00fctzt. Die Unentschlossenheit zwischen Performance und bildender Kunst n\u00f6tigte ihn zu der Verbindung von Text und Bild zu Comics, Customer Journeys und Erkl\u00e4rvideos, die er als <a rel=\"noreferrer noopener\" href=\"http:\/\/virtualgraphicrecording.de\" target=\"_blank\">Solist<\/a> oder in der Gruppe <a href=\"http:\/\/123comics.net\" target=\"_blank\" rel=\"noreferrer noopener\">123comics <\/a>erstellt.<\/p>\n\n\n\n<h2>Produktionsassistenz &#8211; Master of Time &amp; Space<\/h2>\n\n\n\n<p>Leoni Voegelin hat an der Universit\u00e4t Basel Geschichte und Kunstgeschichte studiert. Nach ersten eigenen Arbeiten im Bereich der Videokunst studiert sie zur Zeit im Master \u201cSpiel &amp;&amp; Objekt\u201d an der HfS Ernst Busch in Berlin. In ihrer k\u00fcnstlerischen Auseinandersetzung besch\u00e4ftigt sie sich mit Fragen betreffend dem Zusammenspiel von Natur und Gesellschaft, wobei insbesondere die durch diese Verschr\u00e4nkung entstehenden Hybride und Cyborgs im Zentrum ihrer Aufmerksamkeit stehen. Webseite:<a href=\"https:\/\/leonivoegelin.hotglue.me\/\"> https:\/\/leonivoegelin.hotglue.me\/<\/a> Instagram: leoni.superstar)<\/p>\n\n\n\n<p><\/p>\n\n\n\n<h2>Technisches Setup 1. Welt\u00fcbergang<\/h2>\n\n\n\n<p>Markus Schubert ist Hacker, Game Designer, Gr\u00fcnder und Gesch\u00e4ftsf\u00fchrer der Nebelflucht GmbH, Initiator der Gaming Plattform <a href=\"https:\/\/toto.io\">toto.io<\/a> und Mitinitiator der Leseplattform <a href=\"https:\/\/polyplot.io\">polyplot.io<\/a> Er hat ein Diplom in Computer Media Science und \u00fcber 15 Jahre Erfahrung im IT-Consulting, als Software-Entwickler und -Architekt. Seit vielen Jahren kollaboriert er mit K\u00fcnstler*innen, um interaktive Spiele und immersive Installationen zu gestalten und eigene Projekte umzusetzen. Aktuell ist Markus Fellow an der <a href=\"https:\/\/theater.digital\/\">Akademie f\u00fcr Theater und Digitalit\u00e4t<\/a> am Theater Dortmund.<\/p>\n\n\n\n<h2>Mit freundlicher Unterst\u00fctzung durch:<\/h2>\n\n\n\n<p><\/p>\n","protected":false},"excerpt":{"rendered":"<p>Idee, Format &amp; Organisation Christiane H\u00fctter ist freischaffende K\u00fcnstlerin und Diplom-Psychologin. Mit den Mitteln von Storytelling und Game Design analysiert sie Systeme und schafft M\u00f6glichkeitsr\u00e4ume an der Schnittstelle von Kunst, Wissenschaft und \u00f6ffentlichem Raum.\u00a0Sie hat das\u00a0Netzwerk Invisible Playground mitbegr\u00fcndet und diverse spielorientierte Projekte f\u00fcr und mit Kulturinstitutionen in aller Welt k\u00fcnstlerisch verantwortet. Sie ist die&hellip;<\/p>\n","protected":false},"author":4,"featured_media":0,"parent":0,"menu_order":0,"comment_status":"closed","ping_status":"closed","template":"","meta":[],"acf":[],"_links":{"self":[{"href":"https:\/\/weltuebergang.net\/index.php?rest_route=\/wp\/v2\/pages\/301"}],"collection":[{"href":"https:\/\/weltuebergang.net\/index.php?rest_route=\/wp\/v2\/pages"}],"about":[{"href":"https:\/\/weltuebergang.net\/index.php?rest_route=\/wp\/v2\/types\/page"}],"author":[{"embeddable":true,"href":"https:\/\/weltuebergang.net\/index.php?rest_route=\/wp\/v2\/users\/4"}],"replies":[{"embeddable":true,"href":"https:\/\/weltuebergang.net\/index.php?rest_route=%2Fwp%2Fv2%2Fcomments&post=301"}],"version-history":[{"count":25,"href":"https:\/\/weltuebergang.net\/index.php?rest_route=\/wp\/v2\/pages\/301\/revisions"}],"predecessor-version":[{"id":1685,"href":"https:\/\/weltuebergang.net\/index.php?rest_route=\/wp\/v2\/pages\/301\/revisions\/1685"}],"wp:attachment":[{"href":"https:\/\/weltuebergang.net\/index.php?rest_route=%2Fwp%2Fv2%2Fmedia&parent=301"}],"curies":[{"name":"wp","href":"https:\/\/api.w.org\/{rel}","templated":true}]}}