{"id":311,"date":"2020-04-13T17:50:27","date_gmt":"2020-04-13T17:50:27","guid":{"rendered":"http:\/\/weltuebergang.net\/?page_id=311"},"modified":"2020-05-24T10:39:27","modified_gmt":"2020-05-24T10:39:27","slug":"wordpress-howto","status":"publish","type":"page","link":"https:\/\/weltuebergang.net\/?page_id=311","title":{"rendered":"WordPress HowTo"},"content":{"rendered":"\n<h3>Wieso \u00fcberhaupt WordPress?!<\/h3>\n\n\n\n<p>W\u00e4hrend des Experience Hackathons entstehen vielleicht neue Formate, Gedankensammlungen, Pitches etc., an die sich ankn\u00fcpfen l\u00e4sst. Unsere Idee ist, dass jedes Team auf dieser Seite die Gelegenheit hat, das eigene Projekt vorzustellen, und dass aus allen Vorstellungen<strong> ein gemeinsames Portfolio<\/strong> entsteht.  Alle Rechte bleiben selbstverst\u00e4ndlich bei Euch.<\/p>\n\n\n\n<h3>Wie geht&#8217;s los?<\/h3>\n\n\n\n<p>Habt Ihr Euch zu einem Team zusammengefunden und ein Projekt, an dem Ihr arbeitet? Dann legen wir gerne einen Account und eine Projektseite f\u00fcr Euch an.<\/p>\n\n\n\n<p>Schreibt dazu bitte in den Discord-Channel &#8220;<strong>tech-help<\/strong>&#8221; ein kurze Nachricht mit folgenden Informationen:<\/p>\n\n\n\n<ul><li>gew\u00fcnschter Benutzer:innen-Name<\/li><li>Email-Adresse, mit der die Person angemeldet werden soll<\/li><li>Name des Projektes<\/li><\/ul>\n\n\n\n<p>Wir legen dann einen Account an. An die Email-Adresse wird dann eine Aktivierungsmail von WordPress geschickt (bitte den Spam checken, wenn keine Mail ankommt). Diese muss best\u00e4tigt werden. Ihr k\u00f6nnt dann auch ein eigenes Passwort vergeben.<br>Wir legen dann ebenfalls schon eine Seite (in diesem Fall ein <em>Portfolio Item<\/em>) an und geben euch die Rechte, die Seite zu bearbeiten. <\/p>\n\n\n\n<p><\/p>\n\n\n\n<p><strong><a href=\"https:\/\/weltuebergang.net\/wp-login.php\">Hier kommt Ihr zur Login-Seite.<\/a> <\/strong>Wenn ihr euch dann in diesen WordPress einloggt seht ihr dieses Menu auf der linken Seite:<\/p>\n\n\n\n<figure class=\"wp-block-image size-large\"><img decoding=\"async\" loading=\"lazy\" width=\"1024\" height=\"633\" src=\"http:\/\/weltuebergang.net\/wp-content\/uploads\/2020\/04\/wp-01-1024x633.png\" alt=\"Wordpress Menu\" class=\"wp-image-312\" srcset=\"https:\/\/weltuebergang.net\/wp-content\/uploads\/2020\/04\/wp-01-1024x633.png 1024w, https:\/\/weltuebergang.net\/wp-content\/uploads\/2020\/04\/wp-01-300x186.png 300w, https:\/\/weltuebergang.net\/wp-content\/uploads\/2020\/04\/wp-01-768x475.png 768w, https:\/\/weltuebergang.net\/wp-content\/uploads\/2020\/04\/wp-01-1536x950.png 1536w, https:\/\/weltuebergang.net\/wp-content\/uploads\/2020\/04\/wp-01-2048x1267.png 2048w, https:\/\/weltuebergang.net\/wp-content\/uploads\/2020\/04\/wp-01-1612x997.png 1612w, https:\/\/weltuebergang.net\/wp-content\/uploads\/2020\/04\/wp-01-1116x690.png 1116w, https:\/\/weltuebergang.net\/wp-content\/uploads\/2020\/04\/wp-01-806x499.png 806w, https:\/\/weltuebergang.net\/wp-content\/uploads\/2020\/04\/wp-01-558x345.png 558w, https:\/\/weltuebergang.net\/wp-content\/uploads\/2020\/04\/wp-01-655x405.png 655w\" sizes=\"(max-width: 1024px) 100vw, 1024px\" \/><\/figure>\n\n\n\n<p>Eure Seite zur Dokumentation Eures Projektes findet Ihr unter dem Menu-Punkt &#8220;Portfolio&#8221; (rot eingekreist im Bild unter diesem Absatz)<\/p>\n\n\n\n<figure class=\"wp-block-image size-large\"><img decoding=\"async\" loading=\"lazy\" width=\"1024\" height=\"633\" src=\"https:\/\/weltuebergang.net\/wp-content\/uploads\/2020\/04\/wp-02-01-1024x633.png\" alt=\"\" class=\"wp-image-313\" srcset=\"https:\/\/weltuebergang.net\/wp-content\/uploads\/2020\/04\/wp-02-01-1024x633.png 1024w, https:\/\/weltuebergang.net\/wp-content\/uploads\/2020\/04\/wp-02-01-300x186.png 300w, https:\/\/weltuebergang.net\/wp-content\/uploads\/2020\/04\/wp-02-01-768x475.png 768w, https:\/\/weltuebergang.net\/wp-content\/uploads\/2020\/04\/wp-02-01-1536x950.png 1536w, https:\/\/weltuebergang.net\/wp-content\/uploads\/2020\/04\/wp-02-01-2048x1267.png 2048w, https:\/\/weltuebergang.net\/wp-content\/uploads\/2020\/04\/wp-02-01-1612x997.png 1612w, https:\/\/weltuebergang.net\/wp-content\/uploads\/2020\/04\/wp-02-01-1116x690.png 1116w, https:\/\/weltuebergang.net\/wp-content\/uploads\/2020\/04\/wp-02-01-806x499.png 806w, https:\/\/weltuebergang.net\/wp-content\/uploads\/2020\/04\/wp-02-01-558x345.png 558w, https:\/\/weltuebergang.net\/wp-content\/uploads\/2020\/04\/wp-02-01-655x405.png 655w\" sizes=\"(max-width: 1024px) 100vw, 1024px\" \/><\/figure>\n\n\n\n<p>Dort erscheinen alle Seiten, die Ihr bearbeiten d\u00fcrft. Ihr k\u00f6nnt auch eigene Seiten anlegen. <br>Klickt auf die Seite, die Ihr bearbeiten wollt, und Ihr landet im Editor, wo Ihr dann Inhalte eingeben k\u00f6nnt.<\/p>\n\n\n\n<p>WordPress stellt mehrere verschiedene Editoren bereit. In dieser Doku erkl\u00e4ren wir nur den Standardeditor, aber wenn Ihr Euch auskennt und lieber z.B. den <em>WPBakery Page Builder<\/em> benutzten wollt, steht Euch das nat\u00fcrlich frei.<\/p>\n\n\n\n<h2>Standard Editor<\/h2>\n\n\n\n<p>Unsere Idee ist, dass jedes Team sein eigenes Projekt dokumentieren k\u00f6nnen soll und das dann automatisch auf der Startseite auftaucht. Dazu m\u00fcssen einige Daten unbedingt eingetragen werden<\/p>\n\n\n\n<ul><li>Projekt Titel<\/li><li>Excerpt<\/li><li>Featured Image<\/li><\/ul>\n\n\n\n<p>Im folgenden sind diese Funktionalit\u00e4ten erkl\u00e4rt.<\/p>\n\n\n\n<p><strong>Projekt Titel<\/strong><\/p>\n\n\n\n<p>Der oberste Block enth\u00e4lt den Titel der Seite, dieser ist dann auch automatisch der Name der Seite und erscheint auf auf der Startseite der Homepage.<\/p>\n\n\n\n<figure class=\"wp-block-image size-large\"><img decoding=\"async\" loading=\"lazy\" width=\"1024\" height=\"633\" src=\"https:\/\/weltuebergang.net\/wp-content\/uploads\/2020\/04\/wp-03-01-1024x633.png\" alt=\"\" class=\"wp-image-316\" srcset=\"https:\/\/weltuebergang.net\/wp-content\/uploads\/2020\/04\/wp-03-01-1024x633.png 1024w, https:\/\/weltuebergang.net\/wp-content\/uploads\/2020\/04\/wp-03-01-300x186.png 300w, https:\/\/weltuebergang.net\/wp-content\/uploads\/2020\/04\/wp-03-01-768x475.png 768w, https:\/\/weltuebergang.net\/wp-content\/uploads\/2020\/04\/wp-03-01-1536x950.png 1536w, https:\/\/weltuebergang.net\/wp-content\/uploads\/2020\/04\/wp-03-01-2048x1267.png 2048w, https:\/\/weltuebergang.net\/wp-content\/uploads\/2020\/04\/wp-03-01-1612x997.png 1612w, https:\/\/weltuebergang.net\/wp-content\/uploads\/2020\/04\/wp-03-01-1116x690.png 1116w, https:\/\/weltuebergang.net\/wp-content\/uploads\/2020\/04\/wp-03-01-806x499.png 806w, https:\/\/weltuebergang.net\/wp-content\/uploads\/2020\/04\/wp-03-01-558x345.png 558w, https:\/\/weltuebergang.net\/wp-content\/uploads\/2020\/04\/wp-03-01-655x405.png 655w\" sizes=\"(max-width: 1024px) 100vw, 1024px\" \/><\/figure>\n\n\n\n<p><strong>Excerpt<\/strong><\/p>\n\n\n\n<p>Das Excerpt ist eine kurze Zusammenfassung eures Projektes und erscheint ebenfalls in der \u00dcbersicht auf der Homepage in kleinerer Schrift unterhalt des Projektnamens. Ein oder zwei signifikante S\u00e4tze sind perfekt. Das Excerpt kann im Inspektor auf der rechten Seite im Reiter &#8220;Document&#8221; definiert werden. Siehe Screenshot!<\/p>\n\n\n\n<figure class=\"wp-block-image size-large\"><img decoding=\"async\" loading=\"lazy\" width=\"1024\" height=\"633\" src=\"https:\/\/weltuebergang.net\/wp-content\/uploads\/2020\/04\/wp-04-01-1024x633.png\" alt=\"\" class=\"wp-image-317\" srcset=\"https:\/\/weltuebergang.net\/wp-content\/uploads\/2020\/04\/wp-04-01-1024x633.png 1024w, https:\/\/weltuebergang.net\/wp-content\/uploads\/2020\/04\/wp-04-01-300x186.png 300w, https:\/\/weltuebergang.net\/wp-content\/uploads\/2020\/04\/wp-04-01-768x475.png 768w, https:\/\/weltuebergang.net\/wp-content\/uploads\/2020\/04\/wp-04-01-1536x950.png 1536w, https:\/\/weltuebergang.net\/wp-content\/uploads\/2020\/04\/wp-04-01-2048x1267.png 2048w, https:\/\/weltuebergang.net\/wp-content\/uploads\/2020\/04\/wp-04-01-1612x997.png 1612w, https:\/\/weltuebergang.net\/wp-content\/uploads\/2020\/04\/wp-04-01-1116x690.png 1116w, https:\/\/weltuebergang.net\/wp-content\/uploads\/2020\/04\/wp-04-01-806x499.png 806w, https:\/\/weltuebergang.net\/wp-content\/uploads\/2020\/04\/wp-04-01-558x345.png 558w, https:\/\/weltuebergang.net\/wp-content\/uploads\/2020\/04\/wp-04-01-655x405.png 655w\" sizes=\"(max-width: 1024px) 100vw, 1024px\" \/><\/figure>\n\n\n\n<p><strong>Featured Image<\/strong><\/p>\n\n\n\n<p>Das &#8220;Featured Image&#8221; erscheint auf der Homepage als Hintergrundbild f\u00fcr Euer Projekt. Es kann festgelegt werden im Inspektor auf der rechten Seite unter dem Punkt &#8220;Featured Image&#8221;. Siehe Screenshot.<\/p>\n\n\n\n<figure class=\"wp-block-image size-large\"><img decoding=\"async\" loading=\"lazy\" width=\"1024\" height=\"633\" src=\"https:\/\/weltuebergang.net\/wp-content\/uploads\/2020\/04\/wp-05-01-1024x633.png\" alt=\"\" class=\"wp-image-325\" srcset=\"https:\/\/weltuebergang.net\/wp-content\/uploads\/2020\/04\/wp-05-01-1024x633.png 1024w, https:\/\/weltuebergang.net\/wp-content\/uploads\/2020\/04\/wp-05-01-300x186.png 300w, https:\/\/weltuebergang.net\/wp-content\/uploads\/2020\/04\/wp-05-01-768x475.png 768w, https:\/\/weltuebergang.net\/wp-content\/uploads\/2020\/04\/wp-05-01-1536x950.png 1536w, https:\/\/weltuebergang.net\/wp-content\/uploads\/2020\/04\/wp-05-01-2048x1267.png 2048w, https:\/\/weltuebergang.net\/wp-content\/uploads\/2020\/04\/wp-05-01-1612x997.png 1612w, https:\/\/weltuebergang.net\/wp-content\/uploads\/2020\/04\/wp-05-01-1116x690.png 1116w, https:\/\/weltuebergang.net\/wp-content\/uploads\/2020\/04\/wp-05-01-806x499.png 806w, https:\/\/weltuebergang.net\/wp-content\/uploads\/2020\/04\/wp-05-01-558x345.png 558w, https:\/\/weltuebergang.net\/wp-content\/uploads\/2020\/04\/wp-05-01-655x405.png 655w\" sizes=\"(max-width: 1024px) 100vw, 1024px\" \/><\/figure>\n\n\n\n<p>Wenn ihr auf &#8220;Set Featured Image&#8221; klickt, \u00f6ffnet sich ein Modal und ihr k\u00f6nnt dort w\u00e4hlen ob ihr ein eigenes Bild hochladen wollt oder eines aus der vorhandenen Medienbibliothek aussuchen wollt.<\/p>\n\n\n\n<figure class=\"wp-block-image size-large\"><img decoding=\"async\" loading=\"lazy\" width=\"1024\" height=\"633\" src=\"https:\/\/weltuebergang.net\/wp-content\/uploads\/2020\/04\/wp-06-01-1024x633.png\" alt=\"\" class=\"wp-image-326\" srcset=\"https:\/\/weltuebergang.net\/wp-content\/uploads\/2020\/04\/wp-06-01-1024x633.png 1024w, https:\/\/weltuebergang.net\/wp-content\/uploads\/2020\/04\/wp-06-01-300x186.png 300w, https:\/\/weltuebergang.net\/wp-content\/uploads\/2020\/04\/wp-06-01-768x475.png 768w, https:\/\/weltuebergang.net\/wp-content\/uploads\/2020\/04\/wp-06-01-1536x950.png 1536w, https:\/\/weltuebergang.net\/wp-content\/uploads\/2020\/04\/wp-06-01-2048x1267.png 2048w, https:\/\/weltuebergang.net\/wp-content\/uploads\/2020\/04\/wp-06-01-1612x997.png 1612w, https:\/\/weltuebergang.net\/wp-content\/uploads\/2020\/04\/wp-06-01-1116x690.png 1116w, https:\/\/weltuebergang.net\/wp-content\/uploads\/2020\/04\/wp-06-01-806x499.png 806w, https:\/\/weltuebergang.net\/wp-content\/uploads\/2020\/04\/wp-06-01-558x345.png 558w, https:\/\/weltuebergang.net\/wp-content\/uploads\/2020\/04\/wp-06-01-655x405.png 655w\" sizes=\"(max-width: 1024px) 100vw, 1024px\" \/><\/figure>\n\n\n\n<p>W\u00e4hlt dann ein Bild aus der Bibliothek oder ladet ein neues Bild hoch und klickt dann recht unten auf &#8220;Set fetured Image&#8221;. <br><strong>Dieser Schritt ist notwendig, denn ohne ein &#8220;Featured Image&#8221; wird Euer Projekt nicht auf der Startseite angezeigt.<\/strong><\/p>\n\n\n\n<p>Es gibt leider ein Problem der oft auftritt, bei dem es so aussieht als w\u00fcrde das Bild nicht laden. Das kann ignoriert werden. Siehe Screenshot<\/p>\n\n\n\n<figure class=\"wp-block-image size-large\"><img decoding=\"async\" loading=\"lazy\" width=\"1024\" height=\"633\" src=\"https:\/\/weltuebergang.net\/wp-content\/uploads\/2020\/04\/wp-10-01-1-1024x633.png\" alt=\"\" class=\"wp-image-418\" srcset=\"https:\/\/weltuebergang.net\/wp-content\/uploads\/2020\/04\/wp-10-01-1-1024x633.png 1024w, https:\/\/weltuebergang.net\/wp-content\/uploads\/2020\/04\/wp-10-01-1-300x186.png 300w, https:\/\/weltuebergang.net\/wp-content\/uploads\/2020\/04\/wp-10-01-1-768x475.png 768w, https:\/\/weltuebergang.net\/wp-content\/uploads\/2020\/04\/wp-10-01-1-1116x690.png 1116w, https:\/\/weltuebergang.net\/wp-content\/uploads\/2020\/04\/wp-10-01-1-806x499.png 806w, https:\/\/weltuebergang.net\/wp-content\/uploads\/2020\/04\/wp-10-01-1-558x345.png 558w, https:\/\/weltuebergang.net\/wp-content\/uploads\/2020\/04\/wp-10-01-1-655x405.png 655w, https:\/\/weltuebergang.net\/wp-content\/uploads\/2020\/04\/wp-10-01-1.png 1345w\" sizes=\"(max-width: 1024px) 100vw, 1024px\" \/><\/figure>\n\n\n\n<p><strong>Subtitle<\/strong><\/p>\n\n\n\n<p>Ihr k\u00f6nnt optional auch einen Subtitle vergeben. Dieser wird ebenfalls in der Projekt\u00fcbersicht angezeigt. Direkt unter euren Projekttitel und \u00fcber dem Excerpt. Einen Subtitle anzugeben ist nicht notwendig, damit dass das Projekt auf der Startseite erscheint.<br>Um den Subtitle zu definieren, scrollt ganz nach unten. Da gibt es eine Sektion &#8220;Parameters and Options&#8221;. W\u00e4hlt dort den Eintrag &#8220;General Details&#8221; und dann kann man auf der rechten Seite den Subtitle festlegen. Siehe Screenshot:<\/p>\n\n\n\n<figure class=\"wp-block-image size-large\"><img decoding=\"async\" loading=\"lazy\" width=\"1024\" height=\"633\" src=\"https:\/\/weltuebergang.net\/wp-content\/uploads\/2020\/04\/wp-07-01-1024x633.png\" alt=\"\" class=\"wp-image-328\" srcset=\"https:\/\/weltuebergang.net\/wp-content\/uploads\/2020\/04\/wp-07-01-1024x633.png 1024w, https:\/\/weltuebergang.net\/wp-content\/uploads\/2020\/04\/wp-07-01-300x186.png 300w, https:\/\/weltuebergang.net\/wp-content\/uploads\/2020\/04\/wp-07-01-768x475.png 768w, https:\/\/weltuebergang.net\/wp-content\/uploads\/2020\/04\/wp-07-01-1536x950.png 1536w, https:\/\/weltuebergang.net\/wp-content\/uploads\/2020\/04\/wp-07-01-2048x1267.png 2048w, https:\/\/weltuebergang.net\/wp-content\/uploads\/2020\/04\/wp-07-01-1612x997.png 1612w, https:\/\/weltuebergang.net\/wp-content\/uploads\/2020\/04\/wp-07-01-1116x690.png 1116w, https:\/\/weltuebergang.net\/wp-content\/uploads\/2020\/04\/wp-07-01-806x499.png 806w, https:\/\/weltuebergang.net\/wp-content\/uploads\/2020\/04\/wp-07-01-558x345.png 558w, https:\/\/weltuebergang.net\/wp-content\/uploads\/2020\/04\/wp-07-01-655x405.png 655w\" sizes=\"(max-width: 1024px) 100vw, 1024px\" \/><\/figure>\n\n\n\n<p><strong>Inhalte<\/strong><\/p>\n\n\n\n<p>Der Inhalt einer Seite bzw. eines Portfolio Items wird in einzelnen Bl\u00f6cken definiert. Jeder Block kann Text, Bilder, Galerien und alles m\u00f6gliche weitere enthalten. Die Bedienung ist intuitiv. Ein kleines &#8220;Plus&#8221;-Icon \u00f6ffnet eine Auswahl verschiedenster Bl\u00f6cke die eingef\u00fcgt werden k\u00f6nnen.<\/p>\n\n\n\n<figure class=\"wp-block-image size-large\"><img decoding=\"async\" loading=\"lazy\" width=\"1024\" height=\"633\" src=\"https:\/\/weltuebergang.net\/wp-content\/uploads\/2020\/04\/wp-08-01-1024x633.png\" alt=\"\" class=\"wp-image-330\" srcset=\"https:\/\/weltuebergang.net\/wp-content\/uploads\/2020\/04\/wp-08-01-1024x633.png 1024w, https:\/\/weltuebergang.net\/wp-content\/uploads\/2020\/04\/wp-08-01-300x186.png 300w, https:\/\/weltuebergang.net\/wp-content\/uploads\/2020\/04\/wp-08-01-768x475.png 768w, https:\/\/weltuebergang.net\/wp-content\/uploads\/2020\/04\/wp-08-01-1536x950.png 1536w, https:\/\/weltuebergang.net\/wp-content\/uploads\/2020\/04\/wp-08-01-2048x1267.png 2048w, https:\/\/weltuebergang.net\/wp-content\/uploads\/2020\/04\/wp-08-01-1612x997.png 1612w, https:\/\/weltuebergang.net\/wp-content\/uploads\/2020\/04\/wp-08-01-1116x690.png 1116w, https:\/\/weltuebergang.net\/wp-content\/uploads\/2020\/04\/wp-08-01-806x499.png 806w, https:\/\/weltuebergang.net\/wp-content\/uploads\/2020\/04\/wp-08-01-558x345.png 558w, https:\/\/weltuebergang.net\/wp-content\/uploads\/2020\/04\/wp-08-01-655x405.png 655w\" sizes=\"(max-width: 1024px) 100vw, 1024px\" \/><\/figure>\n\n\n\n<p><strong>Parameters and Options<\/strong><\/p>\n\n\n\n<p>Diese Sektion, die ihr schon im Abschnitt &#8220;Subtitle&#8221; kennengelernt habt, bietet viele M\u00f6glichkeiten eure Seit individuell zu gestalten. Wir wollen jetzt nicht auf diese Optionen eingehen, da es schlicht zu viele sind. Spielt damit herum und experimentiert, wenn Ihr m\u00f6gt. Die Standardeinstellungen nach dem Anlegen der Seite sollten aber alle Anspr\u00fcche erf\u00fcllen und ihr m\u00fcsst dort nichts weiter einstellen, wenn ihr nicht wollt.<\/p>\n\n\n\n<h2>Publish<\/h2>\n\n\n\n<p>Wenn ihr eure Seite bzw. die \u00c4nderungen die ihr gemacht habt auf der Homepage ver\u00f6ffentlichen wollt, klickt oben rechts in der Ecke auf &#8220;Update&#8221; oder, wenn ihr die Seite zuvor neu angelegt habt auf &#8220;Publish&#8230;&#8221;.<\/p>\n\n\n\n<figure class=\"wp-block-image size-large\"><img decoding=\"async\" loading=\"lazy\" width=\"1024\" height=\"633\" src=\"https:\/\/weltuebergang.net\/wp-content\/uploads\/2020\/04\/wp-09-01-1024x633.png\" alt=\"\" class=\"wp-image-332\" srcset=\"https:\/\/weltuebergang.net\/wp-content\/uploads\/2020\/04\/wp-09-01-1024x633.png 1024w, https:\/\/weltuebergang.net\/wp-content\/uploads\/2020\/04\/wp-09-01-300x186.png 300w, https:\/\/weltuebergang.net\/wp-content\/uploads\/2020\/04\/wp-09-01-768x475.png 768w, https:\/\/weltuebergang.net\/wp-content\/uploads\/2020\/04\/wp-09-01-1536x950.png 1536w, https:\/\/weltuebergang.net\/wp-content\/uploads\/2020\/04\/wp-09-01-2048x1267.png 2048w, https:\/\/weltuebergang.net\/wp-content\/uploads\/2020\/04\/wp-09-01-1612x997.png 1612w, https:\/\/weltuebergang.net\/wp-content\/uploads\/2020\/04\/wp-09-01-1116x690.png 1116w, https:\/\/weltuebergang.net\/wp-content\/uploads\/2020\/04\/wp-09-01-806x499.png 806w, https:\/\/weltuebergang.net\/wp-content\/uploads\/2020\/04\/wp-09-01-558x345.png 558w, https:\/\/weltuebergang.net\/wp-content\/uploads\/2020\/04\/wp-09-01-655x405.png 655w\" sizes=\"(max-width: 1024px) 100vw, 1024px\" \/><\/figure>\n\n\n\n<h2>Nachtrag<\/h2>\n\n\n\n<p>Generell dient diese Seite dazu, dass wir auf der Homepage eine \u00dcbersicht \u00fcber alle Projekte und Teams automatisiert generieren lassen k\u00f6nnen. Wenn ihr zur Dokumentation eures Projekte zus\u00e4tzlich gerne andere Plattformen wie Github, Tumblr, Youtube etc. verwenden wollt oder auch eine ganz eigene Seite im Netz habt, dann verlinkt diese bitte auf Eurer WordPress Projektseite.<\/p>\n\n\n\n<p>Wir sind keine WordPress Profis und wollen Euch hier nur eine einfache M\u00f6glichkeit geben, schnell und unkompliziert Euer Projekt selbst zu dokumentieren. Wenn Ihr Erfahrungen mit WordPress habt und uns Tips oder Hinweise geben k\u00f6nnt wie man das besser gestalten und handhaben kann, dann meldet euch im Discord Channel &#8220;tech-help&#8221; oder schreibt eine Email an <a href=\"mailto:kontakt@weltuebergang.net\">kontakt@weltuebergang.net<\/a>. <br><br>Wir sind f\u00fcr Hilfe und Feedback sehr dankbar.<\/p>\n","protected":false},"excerpt":{"rendered":"<p>Wieso \u00fcberhaupt WordPress?! W\u00e4hrend des Experience Hackathons entstehen vielleicht neue Formate, Gedankensammlungen, Pitches etc., an die sich ankn\u00fcpfen l\u00e4sst. Unsere Idee ist, dass jedes Team auf dieser Seite die Gelegenheit hat, das eigene Projekt vorzustellen, und dass aus allen Vorstellungen ein gemeinsames Portfolio entsteht. Alle Rechte bleiben selbstverst\u00e4ndlich bei Euch. Wie geht&#8217;s los? Habt Ihr&hellip;<\/p>\n","protected":false},"author":1,"featured_media":0,"parent":0,"menu_order":0,"comment_status":"closed","ping_status":"closed","template":"","meta":[],"acf":[],"_links":{"self":[{"href":"https:\/\/weltuebergang.net\/index.php?rest_route=\/wp\/v2\/pages\/311"}],"collection":[{"href":"https:\/\/weltuebergang.net\/index.php?rest_route=\/wp\/v2\/pages"}],"about":[{"href":"https:\/\/weltuebergang.net\/index.php?rest_route=\/wp\/v2\/types\/page"}],"author":[{"embeddable":true,"href":"https:\/\/weltuebergang.net\/index.php?rest_route=\/wp\/v2\/users\/1"}],"replies":[{"embeddable":true,"href":"https:\/\/weltuebergang.net\/index.php?rest_route=%2Fwp%2Fv2%2Fcomments&post=311"}],"version-history":[{"count":22,"href":"https:\/\/weltuebergang.net\/index.php?rest_route=\/wp\/v2\/pages\/311\/revisions"}],"predecessor-version":[{"id":1382,"href":"https:\/\/weltuebergang.net\/index.php?rest_route=\/wp\/v2\/pages\/311\/revisions\/1382"}],"wp:attachment":[{"href":"https:\/\/weltuebergang.net\/index.php?rest_route=%2Fwp%2Fv2%2Fmedia&parent=311"}],"curies":[{"name":"wp","href":"https:\/\/api.w.org\/{rel}","templated":true}]}}